{"id":6561,"date":"2025-05-13T15:08:13","date_gmt":"2025-05-13T20:08:13","guid":{"rendered":"https:\/\/advimtech.com\/?page_id=6561"},"modified":"2025-05-13T15:08:13","modified_gmt":"2025-05-13T20:08:13","slug":"aviso-de-privacidad","status":"publish","type":"page","link":"https:\/\/advimtech.com\/en\/aviso-de-privacidad\/","title":{"rendered":"Aviso de Privacidad"},"content":{"rendered":"<div id=\"fws_69d98bdd99b72\"  data-column-margin=\"default\" data-midnight=\"dark\"  class=\"wpb_row vc_row-fluid vc_row\"  style=\"padding-top: 0px; padding-bottom: 0px; \"><div class=\"row-bg-wrap\" data-bg-animation=\"none\" data-bg-animation-delay=\"\" data-bg-overlay=\"false\"><div class=\"inner-wrap row-bg-layer\" ><div class=\"row-bg viewport-desktop\"  style=\"\"><\/div><\/div><\/div><div class=\"row_col_wrap_12 col span_12 dark left\">\n\t<div  class=\"vc_col-sm-2 wpb_column column_container vc_column_container col no-extra-padding inherit_tablet inherit_phone\"  data-padding-pos=\"all\" data-has-bg-color=\"false\" data-bg-color=\"\" data-bg-opacity=\"1\" data-animation=\"\" data-delay=\"0\" >\n\t\t<div class=\"vc_column-inner\" >\n\t\t\t<div class=\"wpb_wrapper\">\n\t\t\t\t\n\t\t\t<\/div> \n\t\t<\/div>\n\t<\/div> \n\n\t<div  class=\"vc_col-sm-8 wpb_column column_container vc_column_container col no-extra-padding inherit_tablet inherit_phone\"  data-padding-pos=\"all\" data-has-bg-color=\"false\" data-bg-color=\"\" data-bg-opacity=\"1\" data-animation=\"\" data-delay=\"0\" >\n\t\t<div class=\"vc_column-inner\" >\n\t\t\t<div class=\"wpb_wrapper\">\n\t\t\t\t\n<div class=\"wpb_text_column wpb_content_element\" >\n\t<div class=\"wpb_wrapper\">\n\t\t<p><strong>Aviso de Privacidad para Clientes<\/strong><\/p>\n<p><strong>Tecnolog\u00edas de Impacto Avanzada CM S.A. de C.V.<\/strong>, en adelante <strong>ADVIM Technologies<\/strong>, es responsable del tratamiento de sus datos personales conforme a la <strong>Ley Federal de Protecci\u00f3n de Datos Personales en Posesi\u00f3n de los Particulares<\/strong>.<\/p>\n<ol>\n<li><strong> Datos que se recaban:<\/strong><\/li>\n<\/ol>\n<p>De forma directa o indirecta, recabamos los siguientes datos personales:<\/p>\n<ul>\n<li>Nombre completo y raz\u00f3n social<\/li>\n<li>Datos de contacto (tel\u00e9fono, correo electr\u00f3nico)<\/li>\n<li>Domicilio fiscal<\/li>\n<li>RFC<\/li>\n<li>Datos de facturaci\u00f3n<\/li>\n<li>Informaci\u00f3n bancaria (en caso de pagos recurrentes)<\/li>\n<li>Nombre y contacto del representante legal<\/li>\n<li>Informaci\u00f3n t\u00e9cnica relacionada con la prestaci\u00f3n del servicio<\/li>\n<\/ul>\n<ol start=\"2\">\n<li><strong> Finalidades del tratamiento:<\/strong><\/li>\n<\/ol>\n<p>Los datos personales ser\u00e1n tratados para las siguientes finalidades:<\/p>\n<ul>\n<li>Identificaci\u00f3n y verificaci\u00f3n del cliente<\/li>\n<li>Creaci\u00f3n y gesti\u00f3n de cuentas y contratos<\/li>\n<li>Emisi\u00f3n de facturas y comprobantes fiscales<\/li>\n<li>Prestaci\u00f3n de servicios contratados<\/li>\n<li>Soporte t\u00e9cnico, seguimiento y atenci\u00f3n postventa<\/li>\n<li>Env\u00edo de comunicaciones comerciales, promociones o contenidos informativos relacionados con los servicios ofrecidos<\/li>\n<\/ul>\n<p>Si usted no desea que sus datos personales sean utilizados para fines adicionales o secundarios, puede manifestarlo mediante un escrito dirigido al responsable del tratamiento de datos personales, conforme a lo indicado en el apartado denominado \u201cDerechos ARCO (Acceso, Rectificaci\u00f3n, Cancelaci\u00f3n u Oposici\u00f3n)\u201d.<\/p>\n<p>La negativa para el uso de sus datos con estas finalidades no afectar\u00e1 la prestaci\u00f3n de los servicios o productos que haya contratado o solicitado con nosotros.<\/p>\n<ol start=\"3\">\n<li><strong> Transferencia de datos:<\/strong><\/li>\n<\/ol>\n<p>ADVIM Technologies se compromete a no vender, alquilar, divulgar ni utilizar sus datos personales en beneficio de terceros sin su consentimiento previo. La \u00fanica excepci\u00f3n a esta regla aplica cuando dicha informaci\u00f3n sea requerida por autoridades federales o locales, siempre que dicha solicitud est\u00e9 debidamente fundada y motivada conforme a las leyes aplicables, o bien cuando la transferencia sea necesaria para el mantenimiento o cumplimiento de una relaci\u00f3n jur\u00eddica entre usted y ADVIM Technologies, de conformidad con lo establecido en el Art\u00edculo 37 de la Ley Federal de Protecci\u00f3n de Datos Personales en Posesi\u00f3n de los Particulares.<\/p>\n<p>Para dar cumplimiento a la relaci\u00f3n jur\u00eddica que nos vincula con usted, ADVIM Technologies podr\u00e1 transferir sus datos personales a terceros \u2014personas f\u00edsicas o morales, nacionales o extranjeras\u2014, incluyendo filiales, subsidiarias y proveedores de servicios (como servidores de almacenamiento de informaci\u00f3n), quienes estar\u00e1n obligados a mantener la confidencialidad y el uso adecuado de sus datos personales, conforme a lo estipulado en el presente aviso de privacidad.<\/p>\n<ol start=\"4\">\n<li><strong> Derecho de Acceso, Rectificaci\u00f3n, Cancelaci\u00f3n u Oposici\u00f3n (ARCO):<\/strong><\/li>\n<\/ol>\n<p>Usted puede ejercer sus derechos de acceso, rectificaci\u00f3n, cancelaci\u00f3n u oposici\u00f3n (ARCO) enviando un correo electr\u00f3nico a <strong>contacto@advimtech.com<\/strong> indicando su nombre completo, relaci\u00f3n con la empresa y el derecho que desea ejercer.<\/p>\n<ol start=\"5\">\n<li><strong> Cambios al aviso:<\/strong><\/li>\n<\/ol>\n<p>Cualquier cambio en este aviso ser\u00e1 publicado en nuestro sitio web:<br \/>\n\ud83d\udd17 <a href=\"https:\/\/advimtech.com\/en\/aviso-de-privacidad-clientes\/\"><strong>www.advimtech.com\/aviso-de-privacidad-clientes<\/strong><\/a> <strong>(link por rectificar)<\/strong><\/p>\n<p>Fecha de \u00faltima actualizaci\u00f3n: 1 de marzo de 2025<\/p>\n<p>&nbsp;<\/p>\n<p><strong>Aviso de Privacidad para Proveedores<\/strong><\/p>\n<p><strong>Tecnolog\u00edas de Impacto Avanzada CM S.A. de C.V.<\/strong> (ADVIM Technologies), es responsable del tratamiento de los datos personales de sus <strong>proveedores, contratistas o prestadores de servicios<\/strong>.<\/p>\n<ol>\n<li><strong> Datos que se recaban:<\/strong><\/li>\n<\/ol>\n<p>Se recabar\u00e1n, entre otros, los siguientes datos:<\/p>\n<ul>\n<li>Nombre completo o raz\u00f3n social<\/li>\n<li>Datos de contacto (correo, tel\u00e9fono)<\/li>\n<li>RFC y domicilio fiscal<\/li>\n<li>Informaci\u00f3n bancaria para pagos<\/li>\n<li>Datos de representante legal<\/li>\n<li>Documentaci\u00f3n legal o comercial (alta en SAT, contratos, etc.)<\/li>\n<\/ul>\n<ol start=\"2\">\n<li><strong> Finalidades del tratamiento:<\/strong><\/li>\n<\/ol>\n<p>Los datos ser\u00e1n utilizados para las siguientes finalidades:<\/p>\n<ul>\n<li>Verificaci\u00f3n de identidad y cumplimiento de requisitos fiscales<\/li>\n<li>Establecimiento de relaciones contractuales o comerciales<\/li>\n<li>Gesti\u00f3n y seguimiento de pagos y facturaci\u00f3n<\/li>\n<li>Control interno y cumplimiento de pol\u00edticas administrativas<\/li>\n<li>Contacto y coordinaci\u00f3n para la prestaci\u00f3n de servicios<\/li>\n<\/ul>\n<p>Si usted no desea que sus datos personales sean utilizados para fines adicionales o secundarios, puede manifestarlo mediante un escrito dirigido al responsable del tratamiento de datos personales, conforme a lo indicado en el apartado denominado \u201cDerechos ARCO (Acceso, Rectificaci\u00f3n, Cancelaci\u00f3n u Oposici\u00f3n)\u201d.<\/p>\n<p>La negativa para el uso de sus datos con estas finalidades no afectar\u00e1 la prestaci\u00f3n de los servicios o productos que haya contratado o solicitado con nosotros.<\/p>\n<ol start=\"3\">\n<li><strong> Transferencia de datos:<\/strong><\/li>\n<\/ol>\n<p>ADVIM Technologies se compromete a no vender, alquilar, divulgar ni utilizar sus datos personales en beneficio de terceros sin su consentimiento previo. La \u00fanica excepci\u00f3n a esta regla aplica cuando dicha informaci\u00f3n sea requerida por autoridades federales o locales, siempre que dicha solicitud est\u00e9 debidamente fundada y motivada conforme a las leyes aplicables, o bien cuando la transferencia sea necesaria para el mantenimiento o cumplimiento de una relaci\u00f3n jur\u00eddica entre usted y ADVIM Technologies, de conformidad con lo establecido en el Art\u00edculo 37 de la Ley Federal de Protecci\u00f3n de Datos Personales en Posesi\u00f3n de los Particulares.<\/p>\n<p>Para dar cumplimiento a la relaci\u00f3n jur\u00eddica que nos vincula con usted, ADVIM Technologies podr\u00e1 transferir sus datos personales a terceros \u2014personas f\u00edsicas o morales, nacionales o extranjeras\u2014, incluyendo filiales, subsidiarias y proveedores de servicios (como servidores de almacenamiento de informaci\u00f3n), quienes estar\u00e1n obligados a mantener la confidencialidad y el uso adecuado de sus datos personales, conforme a lo estipulado en el presente aviso de privacidad.<\/p>\n<ol start=\"4\">\n<li><strong> Derechos ARCO:<\/strong><\/li>\n<\/ol>\n<p>Puede ejercer sus derechos de acceso, rectificaci\u00f3n, cancelaci\u00f3n y oposici\u00f3n enviando un correo a <strong>contacto@advimtech.com<\/strong>, incluyendo su nombre y datos necesarios para identificar su relaci\u00f3n con ADVIM Technologies.<\/p>\n<ol start=\"5\">\n<li><strong> Cambios al aviso:<\/strong><\/li>\n<\/ol>\n<p>Este aviso puede ser modificado; cualquier cambio ser\u00e1 notificado a trav\u00e9s de nuestro sitio web:<br \/>\n\ud83d\udd17 https:\/\/advimtech.com\/aviso-de-privacidad<\/p>\n<p>Fecha de \u00faltima actualizaci\u00f3n: 1 de marzo de 2025<\/p>\n\t<\/div>\n<\/div>\n\n\n\n\n\t\t\t<\/div> \n\t\t<\/div>\n\t<\/div> \n\n\t<div  class=\"vc_col-sm-2 wpb_column column_container vc_column_container col no-extra-padding inherit_tablet inherit_phone\"  data-padding-pos=\"all\" data-has-bg-color=\"false\" data-bg-color=\"\" data-bg-opacity=\"1\" data-animation=\"\" data-delay=\"0\" >\n\t\t<div class=\"vc_column-inner\" >\n\t\t\t<div class=\"wpb_wrapper\">\n\t\t\t\t\n\t\t\t<\/div> \n\t\t<\/div>\n\t<\/div> \n<\/div><\/div>","protected":false},"excerpt":{"rendered":"Aviso de Privacidad para Clientes Tecnolog\u00edas de Impacto Avanzada CM S.A. de C.V., en adelante...","protected":false},"author":1,"featured_media":0,"parent":0,"menu_order":0,"comment_status":"closed","ping_status":"closed","template":"","meta":{"footnotes":""},"class_list":["post-6561","page","type-page","status-publish"],"aioseo_notices":[],"_links":{"self":[{"href":"https:\/\/advimtech.com\/en\/wp-json\/wp\/v2\/pages\/6561","targetHints":{"allow":["GET"]}}],"collection":[{"href":"https:\/\/advimtech.com\/en\/wp-json\/wp\/v2\/pages"}],"about":[{"href":"https:\/\/advimtech.com\/en\/wp-json\/wp\/v2\/types\/page"}],"author":[{"embeddable":true,"href":"https:\/\/advimtech.com\/en\/wp-json\/wp\/v2\/users\/1"}],"replies":[{"embeddable":true,"href":"https:\/\/advimtech.com\/en\/wp-json\/wp\/v2\/comments?post=6561"}],"version-history":[{"count":1,"href":"https:\/\/advimtech.com\/en\/wp-json\/wp\/v2\/pages\/6561\/revisions"}],"predecessor-version":[{"id":6562,"href":"https:\/\/advimtech.com\/en\/wp-json\/wp\/v2\/pages\/6561\/revisions\/6562"}],"wp:attachment":[{"href":"https:\/\/advimtech.com\/en\/wp-json\/wp\/v2\/media?parent=6561"}],"curies":[{"name":"wp","href":"https:\/\/api.w.org\/{rel}","templated":true}]}}